{"id":73,"date":"2020-01-18T22:54:18","date_gmt":"2020-01-18T22:54:18","guid":{"rendered":"http:\/\/cykloromantika.cz.uvirt74.active24.cz\/?page_id=73"},"modified":"2023-11-27T21:58:32","modified_gmt":"2023-11-27T20:58:32","slug":"odkazy","status":"publish","type":"page","link":"https:\/\/www.cykloromantika.cz\/index.php\/odkazy\/","title":{"rendered":"Odkazy"},"content":{"rendered":"\n<figure class=\"wp-block-table aligncenter is-style-regular\"><table class=\"has-fixed-layout\"><tbody><tr><td class=\"has-text-align-center\" data-align=\"center\"><img loading=\"lazy\" decoding=\"async\" width=\"300\" height=\"200\" class=\"wp-image-1632\" style=\"width: 300px;\" src=\"https:\/\/www.cykloromantika.cz\/wp-content\/uploads\/2022\/01\/logo-drs.png\" alt=\"\" srcset=\"https:\/\/www.cykloromantika.cz\/wp-content\/uploads\/2022\/01\/logo-drs.png 300w, https:\/\/www.cykloromantika.cz\/wp-content\/uploads\/2022\/01\/logo-drs-150x100.png 150w\" sizes=\"auto, (max-width: 300px) 100vw, 300px\" \/><\/td><td class=\"has-text-align-left\" data-align=\"left\"><strong>Digital Reality Studio (sponzor webu)<\/strong><br><a href=\"https:\/\/www.drs.cz\" target=\"_blank\" rel=\"noreferrer noopener\">www.drs.cz<\/a><\/td><\/tr><tr><td class=\"has-text-align-center\" data-align=\"center\"><img loading=\"lazy\" decoding=\"async\" width=\"300\" height=\"200\" class=\"wp-image-1633\" style=\"width: 300px;\" src=\"https:\/\/www.cykloromantika.cz\/wp-content\/uploads\/2022\/01\/zamek-kratochvile2.jpg\" alt=\"\" srcset=\"https:\/\/www.cykloromantika.cz\/wp-content\/uploads\/2022\/01\/zamek-kratochvile2.jpg 300w, https:\/\/www.cykloromantika.cz\/wp-content\/uploads\/2022\/01\/zamek-kratochvile2-150x100.jpg 150w\" sizes=\"auto, (max-width: 300px) 100vw, 300px\" \/><\/td><td class=\"has-text-align-left\" data-align=\"left\"><strong>Z\u00e1mek Kratochv\u00edle<\/strong><br><a href=\"https:\/\/www.zamek-kratochvile.cz\/cs\" target=\"_blank\" rel=\"noreferrer noopener\">www.zamek-kratochvile.cz<\/a><\/td><\/tr><tr><td class=\"has-text-align-center\" data-align=\"center\"><img loading=\"lazy\" decoding=\"async\" width=\"180\" height=\"180\" class=\"wp-image-8413\" style=\"width: 180px;\" src=\"https:\/\/www.cykloromantika.cz\/wp-content\/uploads\/2023\/11\/logo-vildstejn.png\" alt=\"\" srcset=\"https:\/\/www.cykloromantika.cz\/wp-content\/uploads\/2023\/11\/logo-vildstejn.png 180w, https:\/\/www.cykloromantika.cz\/wp-content\/uploads\/2023\/11\/logo-vildstejn-150x150.png 150w\" sizes=\"auto, (max-width: 180px) 100vw, 180px\" \/><\/td><td class=\"has-text-align-left\" data-align=\"left\"><strong>Hrad Vild\u0161tejn<\/strong><br><a href=\"https:\/\/www.vildstejn.cz\/cs\/\" target=\"_blank\" rel=\"noreferrer noopener\">www.vildstejn.cz<\/a><\/td><\/tr><\/tbody><\/table><\/figure>\n","protected":false},"excerpt":{"rendered":"<p>Digital Reality Studio (sponzor webu)www.drs.cz Z\u00e1mek Kratochv\u00edlewww.zamek-kratochvile.cz Hrad Vild\u0161tejnwww.vildstejn.cz<\/p>\n","protected":false},"author":1,"featured_media":1676,"parent":0,"menu_order":3,"comment_status":"closed","ping_status":"closed","template":"","meta":{"_acf_changed":false,"pgc_sgb_lightbox_settings":"","footnotes":""},"class_list":["post-73","page","type-page","status-publish","has-post-thumbnail","hentry"],"acf":[],"_links":{"self":[{"href":"https:\/\/www.cykloromantika.cz\/index.php\/wp-json\/wp\/v2\/pages\/73","targetHints":{"allow":["GET"]}}],"collection":[{"href":"https:\/\/www.cykloromantika.cz\/index.php\/wp-json\/wp\/v2\/pages"}],"about":[{"href":"https:\/\/www.cykloromantika.cz\/index.php\/wp-json\/wp\/v2\/types\/page"}],"author":[{"embeddable":true,"href":"https:\/\/www.cykloromantika.cz\/index.php\/wp-json\/wp\/v2\/users\/1"}],"replies":[{"embeddable":true,"href":"https:\/\/www.cykloromantika.cz\/index.php\/wp-json\/wp\/v2\/comments?post=73"}],"version-history":[{"count":35,"href":"https:\/\/www.cykloromantika.cz\/index.php\/wp-json\/wp\/v2\/pages\/73\/revisions"}],"predecessor-version":[{"id":8420,"href":"https:\/\/www.cykloromantika.cz\/index.php\/wp-json\/wp\/v2\/pages\/73\/revisions\/8420"}],"wp:featuredmedia":[{"embeddable":true,"href":"https:\/\/www.cykloromantika.cz\/index.php\/wp-json\/wp\/v2\/media\/1676"}],"wp:attachment":[{"href":"https:\/\/www.cykloromantika.cz\/index.php\/wp-json\/wp\/v2\/media?parent=73"}],"curies":[{"name":"wp","href":"https:\/\/api.w.org\/{rel}","templated":true}]}}